{"id":1316,"date":"2021-11-21T15:12:46","date_gmt":"2021-11-21T15:12:46","guid":{"rendered":"http:\/\/vanessaasal.de\/home\/"},"modified":"2024-09-19T15:09:33","modified_gmt":"2024-09-19T13:09:33","slug":"home","status":"publish","type":"page","link":"https:\/\/vanessaasal.de\/","title":{"rendered":"Home"},"content":{"rendered":"\t\t<div data-elementor-type=\"wp-page\" data-elementor-id=\"1316\" class=\"elementor elementor-1316\">\n\t\t\t\t\t\t<section class=\"elementor-section elementor-top-section elementor-element elementor-element-ca7541c elementor-section-height-min-height elementor-section-boxed elementor-section-height-default elementor-section-items-middle\" data-id=\"ca7541c\" data-element_type=\"section\" data-e-type=\"section\" data-settings=\"{&quot;background_background&quot;:&quot;slideshow&quot;,&quot;background_slideshow_gallery&quot;:[{&quot;id&quot;:1325,&quot;url&quot;:&quot;http:\\\/\\\/vanessaasal.de\\\/wp-content\\\/uploads\\\/2023\\\/07\\\/Design-ohne-Titel32.png&quot;}],&quot;background_slideshow_loop&quot;:&quot;yes&quot;,&quot;background_slideshow_slide_duration&quot;:5000,&quot;background_slideshow_slide_transition&quot;:&quot;fade&quot;,&quot;background_slideshow_transition_duration&quot;:500}\">\n\t\t\t\t\t\t\t<div class=\"elementor-background-overlay\"><\/div>\n\t\t\t\t\t\t\t<div class=\"elementor-container elementor-column-gap-default\">\n\t\t\t\t\t<div class=\"elementor-column elementor-col-100 elementor-top-column elementor-element elementor-element-be10890\" data-id=\"be10890\" data-element_type=\"column\" data-e-type=\"column\" data-settings=\"{&quot;background_background&quot;:&quot;slideshow&quot;,&quot;background_slideshow_gallery&quot;:[],&quot;background_slideshow_loop&quot;:&quot;yes&quot;,&quot;background_slideshow_slide_duration&quot;:5000,&quot;background_slideshow_slide_transition&quot;:&quot;fade&quot;,&quot;background_slideshow_transition_duration&quot;:500}\">\n\t\t\t<div class=\"elementor-widget-wrap elementor-element-populated\">\n\t\t\t\t\t\t<div class=\"elementor-element elementor-element-02500f6 elementor-widget elementor-widget-heading\" data-id=\"02500f6\" data-element_type=\"widget\" data-e-type=\"widget\" data-widget_type=\"heading.default\">\n\t\t\t\t<div class=\"elementor-widget-container\">\n\t\t\t\t\t<h1 class=\"elementor-heading-title elementor-size-default\">Die virtuelle Assistenz f\u00fcr dein <\/h1>\t\t\t\t<\/div>\n\t\t\t\t<\/div>\n\t\t\t\t<div class=\"elementor-element elementor-element-0708f7f elementor-widget elementor-widget-heading\" data-id=\"0708f7f\" data-element_type=\"widget\" data-e-type=\"widget\" data-widget_type=\"heading.default\">\n\t\t\t\t<div class=\"elementor-widget-container\">\n\t\t\t\t\t<h1 class=\"elementor-heading-title elementor-size-default\">Soul-Business<\/h1>\t\t\t\t<\/div>\n\t\t\t\t<\/div>\n\t\t\t\t<div class=\"elementor-element elementor-element-ffe4386 elementor-widget elementor-widget-text-editor\" data-id=\"ffe4386\" data-element_type=\"widget\" data-e-type=\"widget\" data-widget_type=\"text-editor.default\">\n\t\t\t\t<div class=\"elementor-widget-container\">\n\t\t\t\t\t\t\t\t\t<p>Entfalte dein Potential<br \/>mit Leichtigkeit.<\/p>\t\t\t\t\t\t\t\t<\/div>\n\t\t\t\t<\/div>\n\t\t\t\t<div class=\"elementor-element elementor-element-b78c0f0 elementor-align-center elementor-widget elementor-widget-button\" data-id=\"b78c0f0\" data-element_type=\"widget\" data-e-type=\"widget\" data-widget_type=\"button.default\">\n\t\t\t\t<div class=\"elementor-widget-container\">\n\t\t\t\t\t\t\t\t\t<div class=\"elementor-button-wrapper\">\n\t\t\t\t\t<a class=\"elementor-button elementor-button-link elementor-size-sm\" href=\"http:\/\/vanessaasal.de\/?page_id=15\">\n\t\t\t\t\t\t<span class=\"elementor-button-content-wrapper\">\n\t\t\t\t\t\t\t\t\t<span class=\"elementor-button-text\">Mehr Infos<\/span>\n\t\t\t\t\t<\/span>\n\t\t\t\t\t<\/a>\n\t\t\t\t<\/div>\n\t\t\t\t\t\t\t\t<\/div>\n\t\t\t\t<\/div>\n\t\t\t\t\t<\/div>\n\t\t<\/div>\n\t\t\t\t\t<\/div>\n\t\t<\/section>\n\t\t\t\t<section class=\"elementor-section elementor-top-section elementor-element elementor-element-7701125 elementor-section-boxed elementor-section-height-default elementor-section-height-default\" data-id=\"7701125\" data-element_type=\"section\" data-e-type=\"section\">\n\t\t\t\t\t\t<div class=\"elementor-container elementor-column-gap-default\">\n\t\t\t\t\t<div class=\"elementor-column elementor-col-100 elementor-top-column elementor-element elementor-element-9ad04ba\" data-id=\"9ad04ba\" data-element_type=\"column\" data-e-type=\"column\">\n\t\t\t<div class=\"elementor-widget-wrap elementor-element-populated\">\n\t\t\t\t\t\t<div class=\"elementor-element elementor-element-13ae7bf elementor-widget elementor-widget-heading\" data-id=\"13ae7bf\" data-element_type=\"widget\" data-e-type=\"widget\" data-widget_type=\"heading.default\">\n\t\t\t\t<div class=\"elementor-widget-container\">\n\t\t\t\t\t<h2 class=\"elementor-heading-title elementor-size-default\">Angebote<\/h2>\t\t\t\t<\/div>\n\t\t\t\t<\/div>\n\t\t\t\t<div class=\"elementor-element elementor-element-9c7221f elementor-widget-divider--view-line elementor-widget elementor-widget-divider\" data-id=\"9c7221f\" data-element_type=\"widget\" data-e-type=\"widget\" data-widget_type=\"divider.default\">\n\t\t\t\t<div class=\"elementor-widget-container\">\n\t\t\t\t\t\t\t<div class=\"elementor-divider\">\n\t\t\t<span class=\"elementor-divider-separator\">\n\t\t\t\t\t\t<\/span>\n\t\t<\/div>\n\t\t\t\t\t\t<\/div>\n\t\t\t\t<\/div>\n\t\t\t\t<section class=\"elementor-section elementor-inner-section elementor-element elementor-element-ef970f2 elementor-section-full_width elementor-section-height-default elementor-section-height-default\" data-id=\"ef970f2\" data-element_type=\"section\" data-e-type=\"section\">\n\t\t\t\t\t\t<div class=\"elementor-container elementor-column-gap-default\">\n\t\t\t\t\t<div class=\"elementor-column elementor-col-33 elementor-inner-column elementor-element elementor-element-fd27b31\" data-id=\"fd27b31\" data-element_type=\"column\" data-e-type=\"column\">\n\t\t\t<div class=\"elementor-widget-wrap elementor-element-populated\">\n\t\t\t\t\t\t<div class=\"elementor-element elementor-element-bff2ac9 elementor-widget elementor-widget-image\" data-id=\"bff2ac9\" data-element_type=\"widget\" data-e-type=\"widget\" data-widget_type=\"image.default\">\n\t\t\t\t<div class=\"elementor-widget-container\">\n\t\t\t\t\t\t\t\t\t\t\t\t\t\t\t<img fetchpriority=\"high\" decoding=\"async\" width=\"370\" height=\"500\" src=\"https:\/\/vanessaasal.de\/wp-content\/uploads\/2023\/07\/Design-ohne-Titel40.png\" class=\"attachment-full size-full wp-image-1332\" alt=\"\" srcset=\"https:\/\/vanessaasal.de\/wp-content\/uploads\/2023\/07\/Design-ohne-Titel40.png 370w, https:\/\/vanessaasal.de\/wp-content\/uploads\/2023\/07\/Design-ohne-Titel40-222x300.png 222w\" sizes=\"(max-width: 370px) 100vw, 370px\" \/>\t\t\t\t\t\t\t\t\t\t\t\t\t\t\t<\/div>\n\t\t\t\t<\/div>\n\t\t\t\t<div class=\"elementor-element elementor-element-54a2f8d elementor-widget elementor-widget-image-box\" data-id=\"54a2f8d\" data-element_type=\"widget\" data-e-type=\"widget\" data-widget_type=\"image-box.default\">\n\t\t\t\t<div class=\"elementor-widget-container\">\n\t\t\t\t\t<div class=\"elementor-image-box-wrapper\"><div class=\"elementor-image-box-content\"><h3 class=\"elementor-image-box-title\">Logo Design<\/h3><p class=\"elementor-image-box-description\">Dein Logo ist dein Aush\u00e4ngeschild.<\/p><\/div><\/div>\t\t\t\t<\/div>\n\t\t\t\t<\/div>\n\t\t\t\t\t<\/div>\n\t\t<\/div>\n\t\t\t\t<div class=\"elementor-column elementor-col-33 elementor-inner-column elementor-element elementor-element-e6971ee\" data-id=\"e6971ee\" data-element_type=\"column\" data-e-type=\"column\">\n\t\t\t<div class=\"elementor-widget-wrap elementor-element-populated\">\n\t\t\t\t\t\t<div class=\"elementor-element elementor-element-1e4bc45 elementor-widget elementor-widget-image\" data-id=\"1e4bc45\" data-element_type=\"widget\" data-e-type=\"widget\" data-widget_type=\"image.default\">\n\t\t\t\t<div class=\"elementor-widget-container\">\n\t\t\t\t\t\t\t\t\t\t\t\t\t\t\t<img decoding=\"async\" width=\"370\" height=\"500\" src=\"https:\/\/vanessaasal.de\/wp-content\/uploads\/2023\/07\/Design-ohne-Titel37.png\" class=\"attachment-full size-full wp-image-1329\" alt=\"\" srcset=\"https:\/\/vanessaasal.de\/wp-content\/uploads\/2023\/07\/Design-ohne-Titel37.png 370w, https:\/\/vanessaasal.de\/wp-content\/uploads\/2023\/07\/Design-ohne-Titel37-222x300.png 222w\" sizes=\"(max-width: 370px) 100vw, 370px\" \/>\t\t\t\t\t\t\t\t\t\t\t\t\t\t\t<\/div>\n\t\t\t\t<\/div>\n\t\t\t\t<div class=\"elementor-element elementor-element-f07647b elementor-widget elementor-widget-image-box\" data-id=\"f07647b\" data-element_type=\"widget\" data-e-type=\"widget\" data-widget_type=\"image-box.default\">\n\t\t\t\t<div class=\"elementor-widget-container\">\n\t\t\t\t\t<div class=\"elementor-image-box-wrapper\"><div class=\"elementor-image-box-content\"><h3 class=\"elementor-image-box-title\">Graphic Design<\/h3><p class=\"elementor-image-box-description\">F\u00fcr dein Online- oder Offline-Business: Visitenkarten, Flyer, Digitale Medien, Workbooks oder das passende Design f\u00fcr deine Posts.<\/p><\/div><\/div>\t\t\t\t<\/div>\n\t\t\t\t<\/div>\n\t\t\t\t\t<\/div>\n\t\t<\/div>\n\t\t\t\t<div class=\"elementor-column elementor-col-33 elementor-inner-column elementor-element elementor-element-b809155\" data-id=\"b809155\" data-element_type=\"column\" data-e-type=\"column\">\n\t\t\t<div class=\"elementor-widget-wrap elementor-element-populated\">\n\t\t\t\t\t\t<div class=\"elementor-element elementor-element-6b792a3 elementor-widget elementor-widget-image\" data-id=\"6b792a3\" data-element_type=\"widget\" data-e-type=\"widget\" data-widget_type=\"image.default\">\n\t\t\t\t<div class=\"elementor-widget-container\">\n\t\t\t\t\t\t\t\t\t\t\t\t\t\t\t<img decoding=\"async\" width=\"370\" height=\"500\" src=\"https:\/\/vanessaasal.de\/wp-content\/uploads\/2023\/07\/Design-ohne-Titel39.png\" class=\"attachment-full size-full wp-image-1331\" alt=\"\" srcset=\"https:\/\/vanessaasal.de\/wp-content\/uploads\/2023\/07\/Design-ohne-Titel39.png 370w, https:\/\/vanessaasal.de\/wp-content\/uploads\/2023\/07\/Design-ohne-Titel39-222x300.png 222w\" sizes=\"(max-width: 370px) 100vw, 370px\" \/>\t\t\t\t\t\t\t\t\t\t\t\t\t\t\t<\/div>\n\t\t\t\t<\/div>\n\t\t\t\t<div class=\"elementor-element elementor-element-1d1e836 elementor-widget elementor-widget-image-box\" data-id=\"1d1e836\" data-element_type=\"widget\" data-e-type=\"widget\" data-widget_type=\"image-box.default\">\n\t\t\t\t<div class=\"elementor-widget-container\">\n\t\t\t\t\t<div class=\"elementor-image-box-wrapper\"><div class=\"elementor-image-box-content\"><h3 class=\"elementor-image-box-title\">Content Creation<\/h3><p class=\"elementor-image-box-description\">Focus on how you can help and benefit your user. Use simple words so that you don't confuse people.<\/p><\/div><\/div>\t\t\t\t<\/div>\n\t\t\t\t<\/div>\n\t\t\t\t\t<\/div>\n\t\t<\/div>\n\t\t\t\t\t<\/div>\n\t\t<\/section>\n\t\t\t\t\t<\/div>\n\t\t<\/div>\n\t\t\t\t\t<\/div>\n\t\t<\/section>\n\t\t\t\t<section class=\"elementor-section elementor-top-section elementor-element elementor-element-2d8ba58 elementor-section-boxed elementor-section-height-default elementor-section-height-default\" data-id=\"2d8ba58\" data-element_type=\"section\" data-e-type=\"section\" data-settings=\"{&quot;background_background&quot;:&quot;classic&quot;}\">\n\t\t\t\t\t\t<div class=\"elementor-container elementor-column-gap-default\">\n\t\t\t\t\t<div class=\"elementor-column elementor-col-33 elementor-top-column elementor-element elementor-element-94a6090\" data-id=\"94a6090\" data-element_type=\"column\" data-e-type=\"column\">\n\t\t\t<div class=\"elementor-widget-wrap\">\n\t\t\t\t\t\t\t<\/div>\n\t\t<\/div>\n\t\t\t\t<div class=\"elementor-column elementor-col-33 elementor-top-column elementor-element elementor-element-ba33ca0\" data-id=\"ba33ca0\" data-element_type=\"column\" data-e-type=\"column\">\n\t\t\t<div class=\"elementor-widget-wrap elementor-element-populated\">\n\t\t\t\t\t\t<div class=\"elementor-element elementor-element-f914229 elementor-widget elementor-widget-image\" data-id=\"f914229\" data-element_type=\"widget\" data-e-type=\"widget\" data-widget_type=\"image.default\">\n\t\t\t\t<div class=\"elementor-widget-container\">\n\t\t\t\t\t\t\t\t\t\t\t\t\t\t\t<img decoding=\"async\" src=\"https:\/\/vanessaasal.de\/wp-content\/uploads\/2021\/11\/quotes.svg\" class=\"attachment-full size-full wp-image-117\" alt=\"\" \/>\t\t\t\t\t\t\t\t\t\t\t\t\t\t\t<\/div>\n\t\t\t\t<\/div>\n\t\t\t\t<div class=\"elementor-element elementor-element-d278a40 elementor-widget elementor-widget-heading\" data-id=\"d278a40\" data-element_type=\"widget\" data-e-type=\"widget\" data-widget_type=\"heading.default\">\n\t\t\t\t<div class=\"elementor-widget-container\">\n\t\t\t\t\t<h4 class=\"elementor-heading-title elementor-size-default\">\u201cAlles Gl\u00fcck dieser Welt entsteht aus dem Wunsch, dass andere gl\u00fccklich sein m\u00f6gen.\u201d<\/h4>\t\t\t\t<\/div>\n\t\t\t\t<\/div>\n\t\t\t\t<div class=\"elementor-element elementor-element-4b72f5b elementor-widget elementor-widget-image\" data-id=\"4b72f5b\" data-element_type=\"widget\" data-e-type=\"widget\" data-widget_type=\"image.default\">\n\t\t\t\t<div class=\"elementor-widget-container\">\n\t\t\t\t\t\t\t\t\t\t\t\t\t\t\t<img loading=\"lazy\" decoding=\"async\" width=\"500\" height=\"500\" src=\"https:\/\/vanessaasal.de\/wp-content\/uploads\/2023\/07\/Design-ohne-Titel44.png\" class=\"attachment-full size-full wp-image-1336\" alt=\"Vanessa Asal\" srcset=\"https:\/\/vanessaasal.de\/wp-content\/uploads\/2023\/07\/Design-ohne-Titel44.png 500w, https:\/\/vanessaasal.de\/wp-content\/uploads\/2023\/07\/Design-ohne-Titel44-300x300.png 300w, https:\/\/vanessaasal.de\/wp-content\/uploads\/2023\/07\/Design-ohne-Titel44-150x150.png 150w\" sizes=\"(max-width: 500px) 100vw, 500px\" \/>\t\t\t\t\t\t\t\t\t\t\t\t\t\t\t<\/div>\n\t\t\t\t<\/div>\n\t\t\t\t<div class=\"elementor-element elementor-element-c80bddd elementor-widget elementor-widget-text-editor\" data-id=\"c80bddd\" data-element_type=\"widget\" data-e-type=\"widget\" data-widget_type=\"text-editor.default\">\n\t\t\t\t<div class=\"elementor-widget-container\">\n\t\t\t\t\t\t\t\t\t<p>Buddah<\/p>\t\t\t\t\t\t\t\t<\/div>\n\t\t\t\t<\/div>\n\t\t\t\t\t<\/div>\n\t\t<\/div>\n\t\t\t\t<div class=\"elementor-column elementor-col-33 elementor-top-column elementor-element elementor-element-9a0a136\" data-id=\"9a0a136\" data-element_type=\"column\" data-e-type=\"column\">\n\t\t\t<div class=\"elementor-widget-wrap\">\n\t\t\t\t\t\t\t<\/div>\n\t\t<\/div>\n\t\t\t\t\t<\/div>\n\t\t<\/section>\n\t\t\t\t<section class=\"elementor-section elementor-top-section elementor-element elementor-element-ae8ce41 elementor-section-boxed elementor-section-height-default elementor-section-height-default\" data-id=\"ae8ce41\" data-element_type=\"section\" data-e-type=\"section\">\n\t\t\t\t\t\t<div class=\"elementor-container elementor-column-gap-default\">\n\t\t\t\t\t<div class=\"elementor-column elementor-col-50 elementor-top-column elementor-element elementor-element-4352dd5\" data-id=\"4352dd5\" data-element_type=\"column\" data-e-type=\"column\">\n\t\t\t<div class=\"elementor-widget-wrap elementor-element-populated\">\n\t\t\t\t\t\t<div class=\"elementor-element elementor-element-f1e5c43 elementor-widget elementor-widget-text-editor\" data-id=\"f1e5c43\" data-element_type=\"widget\" data-e-type=\"widget\" data-widget_type=\"text-editor.default\">\n\t\t\t\t<div class=\"elementor-widget-container\">\n\t\t\t\t\t\t\t\t\t<p>\u00dcber mich<\/p>\t\t\t\t\t\t\t\t<\/div>\n\t\t\t\t<\/div>\n\t\t\t\t<div class=\"elementor-element elementor-element-f514188 elementor-widget elementor-widget-heading\" data-id=\"f514188\" data-element_type=\"widget\" data-e-type=\"widget\" data-widget_type=\"heading.default\">\n\t\t\t\t<div class=\"elementor-widget-container\">\n\t\t\t\t\t<h4 class=\"elementor-heading-title elementor-size-default\">Huhu! Das bin ich, Vanessa, virtuelle Assistenz und Naturliebhaberin.<\/h4>\t\t\t\t<\/div>\n\t\t\t\t<\/div>\n\t\t\t\t<div class=\"elementor-element elementor-element-2281324 elementor-widget elementor-widget-text-editor\" data-id=\"2281324\" data-element_type=\"widget\" data-e-type=\"widget\" data-widget_type=\"text-editor.default\">\n\t\t\t\t<div class=\"elementor-widget-container\">\n\t\t\t\t\t\t\t\t\t<p>In meiner freien Zeit bin ich sehr gerne drau\u00dfen in der Natur unterwegs und streune durch den Wald. Blumen, Bienen und die Weite des Himmels \u00f6ffnen mein Bewusstsein.<\/p><p>Ja, Ich bin eine absolute Naturliebhaberin!<\/p><p>Und den ganzen Tag vor dem PC sitzen, das tue ich nicht, denn meine Inspiration sammle ich drau\u00dfen \ud83d\ude09<\/p>\t\t\t\t\t\t\t\t<\/div>\n\t\t\t\t<\/div>\n\t\t\t\t<div class=\"elementor-element elementor-element-5e38931 elementor-widget elementor-widget-button\" data-id=\"5e38931\" data-element_type=\"widget\" data-e-type=\"widget\" data-widget_type=\"button.default\">\n\t\t\t\t<div class=\"elementor-widget-container\">\n\t\t\t\t\t\t\t\t\t<div class=\"elementor-button-wrapper\">\n\t\t\t\t\t<a class=\"elementor-button elementor-button-link elementor-size-sm\" href=\"http:\/\/vanessaasal.de\/?page_id=1317\">\n\t\t\t\t\t\t<span class=\"elementor-button-content-wrapper\">\n\t\t\t\t\t\t\t\t\t<span class=\"elementor-button-text\">Mehr Infos<\/span>\n\t\t\t\t\t<\/span>\n\t\t\t\t\t<\/a>\n\t\t\t\t<\/div>\n\t\t\t\t\t\t\t\t<\/div>\n\t\t\t\t<\/div>\n\t\t\t\t\t<\/div>\n\t\t<\/div>\n\t\t\t\t<div class=\"elementor-column elementor-col-50 elementor-top-column elementor-element elementor-element-0ec8b6e elementor-hidden-mobile\" data-id=\"0ec8b6e\" data-element_type=\"column\" data-e-type=\"column\">\n\t\t\t<div class=\"elementor-widget-wrap elementor-element-populated\">\n\t\t\t\t\t\t<div class=\"elementor-element elementor-element-8869c3b elementor-widget elementor-widget-image\" data-id=\"8869c3b\" data-element_type=\"widget\" data-e-type=\"widget\" data-widget_type=\"image.default\">\n\t\t\t\t<div class=\"elementor-widget-container\">\n\t\t\t\t\t\t\t\t\t\t\t\t\t\t\t<img loading=\"lazy\" decoding=\"async\" width=\"1920\" height=\"2560\" src=\"https:\/\/vanessaasal.de\/wp-content\/uploads\/2023\/07\/20220814_180904-scaled.jpg\" class=\"attachment-full size-full wp-image-69\" alt=\"Vanessa Asal\" srcset=\"https:\/\/vanessaasal.de\/wp-content\/uploads\/2023\/07\/20220814_180904-scaled.jpg 1920w, https:\/\/vanessaasal.de\/wp-content\/uploads\/2023\/07\/20220814_180904-225x300.jpg 225w, https:\/\/vanessaasal.de\/wp-content\/uploads\/2023\/07\/20220814_180904-768x1024.jpg 768w, https:\/\/vanessaasal.de\/wp-content\/uploads\/2023\/07\/20220814_180904-1152x1536.jpg 1152w, https:\/\/vanessaasal.de\/wp-content\/uploads\/2023\/07\/20220814_180904-1536x2048.jpg 1536w\" sizes=\"(max-width: 1920px) 100vw, 1920px\" \/>\t\t\t\t\t\t\t\t\t\t\t\t\t\t\t<\/div>\n\t\t\t\t<\/div>\n\t\t\t\t\t<\/div>\n\t\t<\/div>\n\t\t\t\t\t<\/div>\n\t\t<\/section>\n\t\t\t\t<section class=\"elementor-section elementor-top-section elementor-element elementor-element-b991a90 elementor-section-height-min-height elementor-section-content-middle elementor-section-boxed elementor-section-height-default elementor-section-items-middle\" data-id=\"b991a90\" data-element_type=\"section\" data-e-type=\"section\" data-settings=\"{&quot;background_background&quot;:&quot;classic&quot;}\">\n\t\t\t\t\t\t<div class=\"elementor-container elementor-column-gap-default\">\n\t\t\t\t\t<div class=\"elementor-column elementor-col-100 elementor-top-column elementor-element elementor-element-47e5172\" data-id=\"47e5172\" data-element_type=\"column\" data-e-type=\"column\">\n\t\t\t<div class=\"elementor-widget-wrap elementor-element-populated\">\n\t\t\t\t\t\t<div class=\"elementor-element elementor-element-7d508b6 elementor-widget elementor-widget-heading\" data-id=\"7d508b6\" data-element_type=\"widget\" data-e-type=\"widget\" data-widget_type=\"heading.default\">\n\t\t\t\t<div class=\"elementor-widget-container\">\n\t\t\t\t\t<h1 class=\"elementor-heading-title elementor-size-default\">Neugierig ?<\/h1>\t\t\t\t<\/div>\n\t\t\t\t<\/div>\n\t\t\t\t<div class=\"elementor-element elementor-element-049c21d elementor-widget elementor-widget-text-editor\" data-id=\"049c21d\" data-element_type=\"widget\" data-e-type=\"widget\" data-widget_type=\"text-editor.default\">\n\t\t\t\t<div class=\"elementor-widget-container\">\n\t\t\t\t\t\t\t\t\t<p>Wenn ich dein Interesse geweckt habe, du n\u00e4here Infos \u00fcber meine Angebote m\u00f6chtest oder du an einer Zusammenarbeit interessiert bist, lass uns doch mal quatschen!<\/p><p>\u00a0<\/p>\t\t\t\t\t\t\t\t<\/div>\n\t\t\t\t<\/div>\n\t\t\t\t<div class=\"elementor-element elementor-element-e487c72 elementor-align-center elementor-widget elementor-widget-button\" data-id=\"e487c72\" data-element_type=\"widget\" data-e-type=\"widget\" data-widget_type=\"button.default\">\n\t\t\t\t<div class=\"elementor-widget-container\">\n\t\t\t\t\t\t\t\t\t<div class=\"elementor-button-wrapper\">\n\t\t\t\t\t<a class=\"elementor-button elementor-button-link elementor-size-sm\" href=\"#\">\n\t\t\t\t\t\t<span class=\"elementor-button-content-wrapper\">\n\t\t\t\t\t\t\t\t\t<span class=\"elementor-button-text\">Lass uns quatschen!<\/span>\n\t\t\t\t\t<\/span>\n\t\t\t\t\t<\/a>\n\t\t\t\t<\/div>\n\t\t\t\t\t\t\t\t<\/div>\n\t\t\t\t<\/div>\n\t\t\t\t\t<\/div>\n\t\t<\/div>\n\t\t\t\t\t<\/div>\n\t\t<\/section>\n\t\t\t\t<\/div>\n\t\t","protected":false},"excerpt":{"rendered":"<p>Die virtuelle Assistenz f\u00fcr dein Soul-Business Entfalte dein Potentialmit Leichtigkeit. Mehr Infos Angebote Logo Design Dein Logo ist dein Aush\u00e4ngeschild. Graphic Design F\u00fcr dein Online- oder Offline-Business: Visitenkarten, Flyer, Digitale Medien, Workbooks oder das passende Design f\u00fcr deine Posts. Content Creation Focus on how you can help and benefit your user. Use simple words so [&hellip;]<\/p>\n","protected":false},"author":1,"featured_media":0,"parent":0,"menu_order":0,"comment_status":"closed","ping_status":"closed","template":"elementor_header_footer","meta":{"site-sidebar-layout":"no-sidebar","site-content-layout":"page-builder","ast-site-content-layout":"full-width-container","site-content-style":"unboxed","site-sidebar-style":"unboxed","ast-global-header-display":"","ast-banner-title-visibility":"","ast-main-header-display":"","ast-hfb-above-header-display":"","ast-hfb-below-header-display":"","ast-hfb-mobile-header-display":"","site-post-title":"disabled","ast-breadcrumbs-content":"","ast-featured-img":"disabled","footer-sml-layout":"","ast-disable-related-posts":"","theme-transparent-header-meta":"enabled","adv-header-id-meta":"","stick-header-meta":"","header-above-stick-meta":"","header-main-stick-meta":"","header-below-stick-meta":"","astra-migrate-meta-layouts":"set","ast-page-background-enabled":"default","ast-page-background-meta":{"desktop":{"background-color":"var(--ast-global-color-4)","background-image":"","background-repeat":"repeat","background-position":"center center","background-size":"auto","background-attachment":"scroll","background-type":"","background-media":"","overlay-type":"","overlay-color":"","overlay-opacity":"","overlay-gradient":""},"tablet":{"background-color":"","background-image":"","background-repeat":"repeat","background-position":"center center","background-size":"auto","background-attachment":"scroll","background-type":"","background-media":"","overlay-type":"","overlay-color":"","overlay-opacity":"","overlay-gradient":""},"mobile":{"background-color":"","background-image":"","background-repeat":"repeat","background-position":"center center","background-size":"auto","background-attachment":"scroll","background-type":"","background-media":"","overlay-type":"","overlay-color":"","overlay-opacity":"","overlay-gradient":""}},"ast-content-background-meta":{"desktop":{"background-color":"var(--ast-global-color-5)","background-image":"","background-repeat":"repeat","background-position":"center center","background-size":"auto","background-attachment":"scroll","background-type":"","background-media":"","overlay-type":"","overlay-color":"","overlay-opacity":"","overlay-gradient":""},"tablet":{"background-color":"var(--ast-global-color-5)","background-image":"","background-repeat":"repeat","background-position":"center center","background-size":"auto","background-attachment":"scroll","background-type":"","background-media":"","overlay-type":"","overlay-color":"","overlay-opacity":"","overlay-gradient":""},"mobile":{"background-color":"var(--ast-global-color-5)","background-image":"","background-repeat":"repeat","background-position":"center center","background-size":"auto","background-attachment":"scroll","background-type":"","background-media":"","overlay-type":"","overlay-color":"","overlay-opacity":"","overlay-gradient":""}},"footnotes":""},"class_list":["post-1316","page","type-page","status-publish","hentry"],"_links":{"self":[{"href":"https:\/\/vanessaasal.de\/index.php?rest_route=\/wp\/v2\/pages\/1316","targetHints":{"allow":["GET"]}}],"collection":[{"href":"https:\/\/vanessaasal.de\/index.php?rest_route=\/wp\/v2\/pages"}],"about":[{"href":"https:\/\/vanessaasal.de\/index.php?rest_route=\/wp\/v2\/types\/page"}],"author":[{"embeddable":true,"href":"https:\/\/vanessaasal.de\/index.php?rest_route=\/wp\/v2\/users\/1"}],"replies":[{"embeddable":true,"href":"https:\/\/vanessaasal.de\/index.php?rest_route=%2Fwp%2Fv2%2Fcomments&post=1316"}],"version-history":[{"count":23,"href":"https:\/\/vanessaasal.de\/index.php?rest_route=\/wp\/v2\/pages\/1316\/revisions"}],"predecessor-version":[{"id":1418,"href":"https:\/\/vanessaasal.de\/index.php?rest_route=\/wp\/v2\/pages\/1316\/revisions\/1418"}],"wp:attachment":[{"href":"https:\/\/vanessaasal.de\/index.php?rest_route=%2Fwp%2Fv2%2Fmedia&parent=1316"}],"curies":[{"name":"wp","href":"https:\/\/api.w.org\/{rel}","templated":true}]}}